{"id":77,"date":"2019-10-17T09:30:48","date_gmt":"2019-10-17T07:30:48","guid":{"rendered":"http:\/\/www.basset-artesien-normand.be\/?page_id=77"},"modified":"2026-01-14T13:12:27","modified_gmt":"2026-01-14T12:12:27","slug":"contact","status":"publish","type":"page","link":"https:\/\/www.basset-artesien-normand.be\/index.php\/contact\/","title":{"rendered":"Contact"},"content":{"rendered":"\n<h2>\u00c9levage de par del\u00e0 l&rsquo;eau<\/h2>\n\n\n\n<p>Christophe DELIN<br>Rue Rufin, 33<br>1495 Marbisoux (Villers-la-Ville)<br><br>Agr\u00e9ment : HK01220163<\/p>\n\n\n\n<p>Vous pouvez nous contacter via le formulaire ci-dessous, ou bien directement par t\u00e9l\u00e9phone au 0473.27.28.76  (+32.473.27.28.76 depuis l&rsquo;\u00e9tranger). <\/p>\n\n\n\n<p>Si votre demande de renseignement concerne l&rsquo;adoption d&rsquo;un chiot, le contact t\u00e9l\u00e9phonique est obligatoire.<\/p>\n\n\n\n<p>Le prix des chiots ne sera renseign\u00e9 que par t\u00e9l\u00e9phone. L&rsquo;adoption d&rsquo;un chiot n&rsquo;est pas qu&rsquo;une affaire de prix. C&rsquo;est un acte r\u00e9fl\u00e9chi qui doit \u00eatre d\u00fbment motiv\u00e9. Nous estimons n\u00e9cessaire de pouvoir en discuter directement.<\/p>\n\n\n\n<div role=\"form\" class=\"wpcf7\" id=\"wpcf7-f76-o1\" lang=\"fr-FR\" dir=\"ltr\">\n<div class=\"screen-reader-response\"><\/div>\n<form action=\"\/index.php\/wp-json\/wp\/v2\/pages\/77#wpcf7-f76-o1\" method=\"post\" class=\"wpcf7-form\" novalidate=\"novalidate\">\n<div style=\"display: none;\">\n<input type=\"hidden\" name=\"_wpcf7\" value=\"76\" \/>\n<input type=\"hidden\" name=\"_wpcf7_version\" value=\"5.1.7\" \/>\n<input type=\"hidden\" name=\"_wpcf7_locale\" value=\"fr_FR\" \/>\n<input type=\"hidden\" name=\"_wpcf7_unit_tag\" value=\"wpcf7-f76-o1\" \/>\n<input type=\"hidden\" name=\"_wpcf7_container_post\" value=\"0\" \/>\n<input type=\"hidden\" name=\"g-recaptcha-response\" value=\"\" \/>\n<\/div>\n<p><label> Votre nom (obligatoire)<br \/>\n    <span class=\"wpcf7-form-control-wrap your-name\"><input type=\"text\" name=\"your-name\" value=\"\" size=\"40\" class=\"wpcf7-form-control wpcf7-text wpcf7-validates-as-required\" aria-required=\"true\" aria-invalid=\"false\" \/><\/span> <\/label><\/p>\n<p><label> Votre adresse de messagerie (obligatoire)<br \/>\n    <span class=\"wpcf7-form-control-wrap your-email\"><input type=\"email\" name=\"your-email\" value=\"\" size=\"40\" class=\"wpcf7-form-control wpcf7-text wpcf7-email wpcf7-validates-as-required wpcf7-validates-as-email\" aria-required=\"true\" aria-invalid=\"false\" \/><\/span> <\/label><\/p>\n<p><label> Votre num\u00e9ro de t\u00e9l\u00e9phone (facultatif, mais utile pour vous recontacter en cas de souci d'email.)<br \/>\n<span class=\"wpcf7-form-control-wrap tel-808\"><input type=\"tel\" name=\"tel-808\" value=\"\" size=\"40\" class=\"wpcf7-form-control wpcf7-text wpcf7-tel wpcf7-validates-as-tel\" aria-invalid=\"false\" \/><\/span> <\/label><\/p>\n<p><label> Objet<br \/>\n    <span class=\"wpcf7-form-control-wrap your-subject\"><input type=\"text\" name=\"your-subject\" value=\"\" size=\"40\" class=\"wpcf7-form-control wpcf7-text\" aria-invalid=\"false\" \/><\/span> <\/label><\/p>\n<p><label> Votre message<br \/>\n    <span class=\"wpcf7-form-control-wrap your-message\"><textarea name=\"your-message\" cols=\"40\" rows=\"10\" class=\"wpcf7-form-control wpcf7-textarea\" aria-invalid=\"false\"><\/textarea><\/span> <\/label><\/p>\n<p><input type=\"submit\" value=\"Envoyer\" class=\"wpcf7-form-control wpcf7-submit\" \/><\/p>\n<div class=\"wpcf7-response-output wpcf7-display-none\"><\/div><\/form><\/div>\n\n\n\n<p><\/p>\n","protected":false},"excerpt":{"rendered":"<p>\u00c9levage de par del\u00e0 l&rsquo;eau Christophe DELINRue Rufin, 331495 Marbisoux (Villers-la-Ville) Agr\u00e9ment : HK01220163 Vous pouvez nous contacter via le formulaire ci-dessous, ou bien directement par t\u00e9l\u00e9phone au 0473.27.28.76 (+32.473.27.28.76 depuis l&rsquo;\u00e9tranger). Si votre demande de renseignement concerne l&rsquo;adoption d&rsquo;un chiot, le contact t\u00e9l\u00e9phonique est obligatoire. Le prix des chiots ne sera renseign\u00e9 que par &hellip; <\/p>\n<p class=\"link-more\"><a href=\"https:\/\/www.basset-artesien-normand.be\/index.php\/contact\/\" class=\"more-link\">Continuer la lecture<span class=\"screen-reader-text\"> de &laquo;&nbsp;Contact&nbsp;&raquo;<\/span><\/a><\/p>\n","protected":false},"author":1,"featured_media":0,"parent":0,"menu_order":0,"comment_status":"closed","ping_status":"closed","template":"","meta":[],"_links":{"self":[{"href":"https:\/\/www.basset-artesien-normand.be\/index.php\/wp-json\/wp\/v2\/pages\/77"}],"collection":[{"href":"https:\/\/www.basset-artesien-normand.be\/index.php\/wp-json\/wp\/v2\/pages"}],"about":[{"href":"https:\/\/www.basset-artesien-normand.be\/index.php\/wp-json\/wp\/v2\/types\/page"}],"author":[{"embeddable":true,"href":"https:\/\/www.basset-artesien-normand.be\/index.php\/wp-json\/wp\/v2\/users\/1"}],"replies":[{"embeddable":true,"href":"https:\/\/www.basset-artesien-normand.be\/index.php\/wp-json\/wp\/v2\/comments?post=77"}],"version-history":[{"count":6,"href":"https:\/\/www.basset-artesien-normand.be\/index.php\/wp-json\/wp\/v2\/pages\/77\/revisions"}],"predecessor-version":[{"id":364,"href":"https:\/\/www.basset-artesien-normand.be\/index.php\/wp-json\/wp\/v2\/pages\/77\/revisions\/364"}],"wp:attachment":[{"href":"https:\/\/www.basset-artesien-normand.be\/index.php\/wp-json\/wp\/v2\/media?parent=77"}],"curies":[{"name":"wp","href":"https:\/\/api.w.org\/{rel}","templated":true}]}}